{"id":79,"date":"2025-01-20T12:09:40","date_gmt":"2025-01-20T12:09:40","guid":{"rendered":"https:\/\/bitlles.com\/?page_id=79"},"modified":"2025-01-20T12:09:40","modified_gmt":"2025-01-20T12:09:40","slug":"codi-etic","status":"publish","type":"page","link":"https:\/\/bitlles.com\/?page_id=79","title":{"rendered":"Codi \u00c8tic"},"content":{"rendered":"\n<p><\/p>\n\n\n\n<ol class=\"wp-block-list\">\n<li>Les associacions persegueixen finalitats generals<\/li>\n<\/ol>\n\n\n\n<p>Les associacions adherides persegueixen finalitats de tipus general, adre\u00e7ades a una pluralitat<br>de persones, aix\u00ed com es proposen la realitzaci\u00f3 d\u2019activitats d\u2019entreteniment, de foment de les<br>relacions interpersonals, la pr\u00e0ctica d\u2019algun joc o afecci\u00f3 o activitats semblants i assumeixen els<br>principis de conducta reconeguts, com s\u00f3n la declaraci\u00f3 universal dels drets humans i altres de<br>naturalesa similar.<\/p>\n\n\n\n<ol start=\"2\" class=\"wp-block-list\">\n<li>Abs\u00e8ncia total d\u2019\u00e0nim de lucre<\/li>\n<\/ol>\n\n\n\n<p>Les associacions apleguen l\u2019esfor\u00e7 de les persones que de manera volunt\u00e0ria i altruista volen<br>participar en la consecuci\u00f3 de les finalitats associatives, sense cap tipus d\u2019\u00e0nim lucratiu. S\u2019ent\u00e9n<br>per lucre la imputaci\u00f3 individual a una persona concreta dels ingressos percebuts per l\u2019associaci\u00f3<br>per qualsevol t\u00edtol: contracte, subvenci\u00f3, donaci\u00f3, llegat\u2026<\/p>\n\n\n\n<ol start=\"3\" class=\"wp-block-list\">\n<li>Foment de la participaci\u00f3 interna<\/li>\n<\/ol>\n\n\n\n<p>Les associacions entenen que la base principal de la seva for\u00e7a rau en les persones que formen<br>part de l\u2019associaci\u00f3 i en les que, de manera puntual i volunt\u00e0ria, hi col\u00b7laboren, ra\u00f3 per la qual<br>promouran mitjans, estrat\u00e8gies i t\u00e8cniques per estimular la participaci\u00f3 i la formaci\u00f3 del<br>voluntariat que la conforma.<\/p>\n\n\n\n<ol start=\"4\" class=\"wp-block-list\">\n<li>La confian\u00e7a, base de la relaci\u00f3 entre els membres de l\u2019associaci\u00f3 i del funcionament<br>democr\u00e0tic<\/li>\n<\/ol>\n\n\n\n<p>Les relacions entre les persones associades \u00e9s una relaci\u00f3 de confian\u00e7a, de convenciment d\u2019estar<br>junts en un projecte com\u00fa i es fonamenta en la bona fe i el respecte a tothom.<br>Les bases del funcionament democr\u00e0tic s\u00f3n a) la igualtat, tothom \u00e9s igual dins l\u2019associaci\u00f3 sense<br>cap tipus de discriminaci\u00f3; b) la llibertat d\u2019expressi\u00f3; tothom t\u00e9 dret a exposar lliurement les<br>seves idees; c) la sobirania de decisi\u00f3; les decisions es prenen per majoria. cal respectar el dret<br>de les minories a manifestar-se i a defensar els seus postulats i cal limitar el vot ponderat de<br>manera que impedeixi que cap associaci\u00f3 quedi sota el control d\u2019una minoria de socis.<\/p>\n\n\n\n<ol start=\"5\" class=\"wp-block-list\">\n<li>Transpar\u00e8ncia econ\u00f2mica<\/li>\n<\/ol>\n\n\n\n<p>La realitzaci\u00f3 d\u2019activitats econ\u00f2miques no pot ser contr\u00e0ria a la missi\u00f3 o les finalitats de<br>l\u2019associaci\u00f3 i no es pot produir en condicions no adequades per a les persones que les efectu\u00efn<br>directament o que arrisquin la seguretat i les garanties dels consumidors i usuaris.<\/p>\n\n\n\n<ol start=\"6\" class=\"wp-block-list\">\n<li>Gesti\u00f3 respectuosa dels recursos humans<\/li>\n<\/ol>\n\n\n\n<p>Els recursos humans de les associacions s\u00f3n, fonamentalment, les persones associades i<br>volunt\u00e0ries que col\u00b7laboren en la realitzaci\u00f3 de les activitats i en el compliment de les seves<br>finalitats. el voluntariat t\u00e9 aquesta condici\u00f3 sense cap tipus de contraprestaci\u00f3. aquelles<br>persones que hi col\u00b7laboren esperant obtenir alguna cosa a canvi, m\u00e9s enll\u00e0 de la satisfacci\u00f3 de<br>la feina ben feta, no es consideren personal voluntari.<br>El personal remunerat haur\u00e0 de ser contractat en condicions normals del mercat, tot evitant la<br>precaritzaci\u00f3.<\/p>\n\n\n\n<ol start=\"7\" class=\"wp-block-list\">\n<li>La sostenibilitat a les associacions<\/li>\n<\/ol>\n\n\n\n<p>Es considera sostenible una associaci\u00f3 que, amb els recursos propis i els que \u00e9s capa\u00e7 de<br>mobilitzar, pot realitzar les activitats que li permetin caminar a la consecuci\u00f3 de les seves<br>finalitats i la que, en el seu funcionament intern, t\u00e9 cura dels mitjans que empra i evita la<br>utilitzaci\u00f3 d\u2019eines o estris contaminants o produ\u00efts amb t\u00e8cniques contaminants.<\/p>\n\n\n\n<ol start=\"8\" class=\"wp-block-list\">\n<li>Congru\u00e8ncia de les activitats i de les informacions<\/li>\n<\/ol>\n\n\n\n<p>Si hi ha persones benefici\u00e0ries de les activitats de l\u2019associaci\u00f3, cal definir clarament quines poden<br>ser i, dins d\u2019aquest sector o \u00e0mbit, no es pot produir cap tipus de discriminaci\u00f3.<br>Les associacions s\u00f3n conscients del seu paper d\u2019agitadors socials i d\u2019emissors d\u2019opini\u00f3 i, per aix\u00f2,<br>tindran una cura especial en les seves informacions i en les seves actuacions exteriors per evitar<br>la difusi\u00f3 d\u2019uns tipus de conductes contr\u00e0ries als drets humans i als principis democr\u00e0tics.<\/p>\n\n\n\n<ol start=\"9\" class=\"wp-block-list\">\n<li>Relacions solid\u00e0ries amb altres associacions<\/li>\n<\/ol>\n\n\n\n<p>El reconeixement que hom forma part d\u2019un sector amb tem\u00e0tiques comunes i bases similars ha<br>de ser el substrat en el qual s\u2019edifiquin les relacions amb altres associacions, sobre la base de la<br>cooperaci\u00f3 i la recerca de punts de trobada per millorar l\u2019activitat pr\u00f2pia.<br>El respecte a l\u2019autonomia de cada associaci\u00f3 i a la seva llibertat d\u2019escollir el seu propi cam\u00ed \u00e9s un<br>element indispensable quan es planteja la relaci\u00f3 entre associacions.<\/p>\n\n\n\n<ol start=\"10\" class=\"wp-block-list\">\n<li>Relacions aut\u00f2nomes amb les administracions p\u00fabliques<\/li>\n<\/ol>\n\n\n\n<p>Les associacions tenen una funci\u00f3 i utilitat social i poden coincidir, o no, amb les administracions<br>p\u00fabliques en la realitzaci\u00f3 del b\u00e9 com\u00fa, per\u00f2 l\u2019autonomia associativa i la presa de decisions de<br>manera lliure i sobirana s\u00f3n dos drets inalienables als quals no es pot renunciar.<\/p>\n","protected":false},"excerpt":{"rendered":"<p>Les associacions adherides persegueixen finalitats de tipus general, adre\u00e7ades a una pluralitatde persones, aix\u00ed com es proposen la realitzaci\u00f3 d\u2019activitats d\u2019entreteniment, de foment de lesrelacions interpersonals, la pr\u00e0ctica d\u2019algun joc o afecci\u00f3 o activitats semblants i assumeixen elsprincipis de conducta reconeguts, com s\u00f3n la declaraci\u00f3 universal dels drets humans i altres denaturalesa similar. Les associacions [&hellip;]<\/p>\n","protected":false},"author":1,"featured_media":0,"parent":0,"menu_order":0,"comment_status":"closed","ping_status":"closed","template":"","meta":{"footnotes":""},"class_list":["post-79","page","type-page","status-publish","hentry"],"_links":{"self":[{"href":"https:\/\/bitlles.com\/index.php?rest_route=\/wp\/v2\/pages\/79","targetHints":{"allow":["GET"]}}],"collection":[{"href":"https:\/\/bitlles.com\/index.php?rest_route=\/wp\/v2\/pages"}],"about":[{"href":"https:\/\/bitlles.com\/index.php?rest_route=\/wp\/v2\/types\/page"}],"author":[{"embeddable":true,"href":"https:\/\/bitlles.com\/index.php?rest_route=\/wp\/v2\/users\/1"}],"replies":[{"embeddable":true,"href":"https:\/\/bitlles.com\/index.php?rest_route=%2Fwp%2Fv2%2Fcomments&post=79"}],"version-history":[{"count":1,"href":"https:\/\/bitlles.com\/index.php?rest_route=\/wp\/v2\/pages\/79\/revisions"}],"predecessor-version":[{"id":80,"href":"https:\/\/bitlles.com\/index.php?rest_route=\/wp\/v2\/pages\/79\/revisions\/80"}],"wp:attachment":[{"href":"https:\/\/bitlles.com\/index.php?rest_route=%2Fwp%2Fv2%2Fmedia&parent=79"}],"curies":[{"name":"wp","href":"https:\/\/api.w.org\/{rel}","templated":true}]}}